{"id":988,"date":"2015-03-16T20:14:29","date_gmt":"2015-03-16T19:14:29","guid":{"rendered":"https:\/\/geoc.es\/lineas-de-negocio\/"},"modified":"2024-05-15T09:59:30","modified_gmt":"2024-05-15T08:59:30","slug":"lineas-de-negocio","status":"publish","type":"page","link":"https:\/\/geoc.es\/ca\/lineas-de-negocio\/","title":{"rendered":"L\u00ednies de negoci"},"content":{"rendered":"\t\t<div data-elementor-type=\"wp-page\" data-elementor-id=\"988\" class=\"elementor elementor-988 elementor-9\">\n\t\t\t\t<div class=\"elementor-element elementor-element-967f3f8 e-flex e-con-boxed e-con e-parent\" data-id=\"967f3f8\" data-element_type=\"container\">\n\t\t\t\t\t<div class=\"e-con-inner\">\n\t\t<div class=\"elementor-element elementor-element-51df8cf e-con-full e-flex e-con e-child\" data-id=\"51df8cf\" data-element_type=\"container\">\n\t\t\t\t<div class=\"elementor-element elementor-element-146265b elementor-widget elementor-widget-text-editor\" data-id=\"146265b\" data-element_type=\"widget\" data-widget_type=\"text-editor.default\">\n\t\t\t\t<div class=\"elementor-widget-container\">\n\t\t\t\t\t\t\t\t\t<p style=\"font-style: normal; font-variant-ligatures: normal; font-variant-caps: normal; letter-spacing: 0.15px; word-spacing: 0.15px;\" align=\"justify\">Estem <strong><u>especialitzats en camps molt concrets<\/u><\/strong>, on aportem un valor important als nostres clients, tant en l&#8217;assessorament com en l&#8217;execuci\u00f3 dels mateixos. No pretenem tenir una pres\u00e8ncia a tots els camps de l&#8217;Obra Civil sin\u00f3 \u00fanicament en aquells en qu\u00e8 realment <strong><u>la nostra aportaci\u00f3 d\u00f3na un valor real al treball executat ia l&#8217;obra en particular. <\/u><\/strong><\/p>\n\n<p style=\"font-style: normal; font-variant-ligatures: normal; font-variant-caps: normal; letter-spacing: 0.15px; word-spacing: 0.15px;\" align=\"justify\">Els nostres t\u00e8cnics i industrials tenen una \u00e0mplia experi\u00e8ncia i formaci\u00f3 als camps en els quals ens movem per donar al client un paquet complet de solucions fins a la finalitzaci\u00f3 del contracte. No hi ha m\u00e9s satisfacci\u00f3 per a un client que veure l&#8217;evoluci\u00f3 de les seves obres als par\u00e0metres de <strong><u>seguretat<\/u><\/strong>, <strong><u>qualitat<\/u><\/strong> i <strong><u>temps<\/u><\/strong> adequat al pla tra\u00e7at. I per a nosaltres no hi ha m\u00e9s satisfacci\u00f3 que col\u00b7laborar amb tot el personal de l&#8217;obra i principalment amb els de producci\u00f3 i seguretat, per desenvolupar plenament els nostres treballs i coneixements al servei de l&#8217;obra.<\/p>\t\t\t\t\t\t\t\t<\/div>\n\t\t\t\t<\/div>\n\t\t\t\t<\/div>\n\t\t<div class=\"elementor-element elementor-element-24f119c e-con-full e-flex e-con e-child\" data-id=\"24f119c\" data-element_type=\"container\">\n\t\t\t\t<div class=\"elementor-element elementor-element-f166a55 elementor-widget elementor-widget-text-editor\" data-id=\"f166a55\" data-element_type=\"widget\" data-widget_type=\"text-editor.default\">\n\t\t\t\t<div class=\"elementor-widget-container\">\n\t\t\t\t\t\t\t\t\t<p>A tots aquests camps d&#8217;actuaci\u00f3, t\u00e8cnics i enginyers assessorem, informem i fem les valoracions econ\u00f2miques a trav\u00e9s dels industrials, per\u00f2 amb una independ\u00e8ncia professional absoluta que ens permet total sinceritat amb el client final, elaborant els informes t\u00e8cnics precisos sobre aix\u00f2. Igual important que el nostre assessorament ser\u00e0 l&#8217;actuaci\u00f3 dels nostres equips d&#8217;obra.<\/p>\n<p style=\"box-sizing: border-box; margin: 0px 0px 20px; padding: 0px; border: 0px; font-style: normal; font-variant-ligatures: normal; font-variant-caps: normal; font-variant-numeric: inherit; font-variant-east-asian: inherit; font-variant-alternates: inherit; font-variant-position: inherit; font-weight: 400; font-stretch: inherit; font-size: 15px; line-height: 24px; font-family: Lato, Helvetica, Arial, sans-serif; font-optical-sizing: inherit; font-kerning: inherit; font-feature-settings: inherit; font-variation-settings: inherit; vertical-align: baseline; letter-spacing: 0.15px; word-spacing: 0.15px; hyphens: auto; color: #7a7a7a; orphans: 2; text-indent: 0px; text-transform: none; widows: 2; -webkit-text-stroke-width: 0px; white-space: normal; background-color: #ffffff; text-decoration-thickness: initial; text-decoration-style: initial; text-decoration-color: initial;\" align=\"justify\"><span style=\"font-family: Lato, Helvetica, Arial, sans-serif; font-size: 15px; font-style: normal; font-variant-ligatures: normal; font-variant-caps: normal; font-weight: 400; letter-spacing: 0.15px; word-spacing: 0.15px; text-align: var(--text-align);\">A cadascun dels nostres camps d&#8217;actuaci\u00f3 disposem d&#8217;industrials independents que desenvolupen aquestes activitats durant molts anys, i s&#8217;hi han format i especialitzat. Els materials utilitzats s\u00f3n de primeres marques, i aix\u00f2 \u00e9s prioritari per aconseguir els est\u00e0ndards de qualitat desitjats en obra. Tots els nostres industrials disposen de personal i maquin\u00e0ria que els permet fer els treballs amb absoluta autosufici\u00e8ncia.<\/span><\/p>\t\t\t\t\t\t\t\t<\/div>\n\t\t\t\t<\/div>\n\t\t\t\t<\/div>\n\t\t\t\t\t<\/div>\n\t\t\t\t<\/div>\n\t\t<div class=\"elementor-element elementor-element-4e89bfe e-flex e-con-boxed e-con e-parent\" data-id=\"4e89bfe\" data-element_type=\"container\">\n\t\t\t\t\t<div class=\"e-con-inner\">\n\t\t\t\t<div class=\"elementor-element elementor-element-b04d244 elementor-widget elementor-widget-text-editor\" data-id=\"b04d244\" data-element_type=\"widget\" data-widget_type=\"text-editor.default\">\n\t\t\t\t<div class=\"elementor-widget-container\">\n\t\t\t\t\t\t\t\t\t<h2><strong style=\"color: #707070;\">Les nostres L\u00ednies de Negoci s\u00f3n les seg\u00fcents:<\/strong><\/h2>\t\t\t\t\t\t\t\t<\/div>\n\t\t\t\t<\/div>\n\t\t\t\t\t<\/div>\n\t\t\t\t<\/div>\n\t\t<div class=\"elementor-element elementor-element-25c2590 e-flex e-con-boxed e-con e-parent\" data-id=\"25c2590\" data-element_type=\"container\">\n\t\t\t\t\t<div class=\"e-con-inner\">\n\t\t<div class=\"elementor-element elementor-element-b08bde0 e-flex e-con-boxed e-con e-child\" data-id=\"b08bde0\" data-element_type=\"container\">\n\t\t\t\t\t<div class=\"e-con-inner\">\n\t\t<div class=\"elementor-element elementor-element-29f0b21 e-con-full e-flex e-con e-child\" data-id=\"29f0b21\" data-element_type=\"container\">\n\t\t\t\t<div class=\"elementor-element elementor-element-c1bcbcb elementor-widget elementor-widget-image\" data-id=\"c1bcbcb\" data-element_type=\"widget\" data-widget_type=\"image.default\">\n\t\t\t\t<div class=\"elementor-widget-container\">\n\t\t\t\t\t\t\t\t\t\t\t\t\t\t\t<img fetchpriority=\"high\" decoding=\"async\" width=\"250\" height=\"250\" src=\"https:\/\/geoc.es\/wp-content\/uploads\/2015\/03\/home01.jpg\" class=\"attachment-large size-large wp-image-866 lazyload js-lazy-image\" alt=\"\" data-src=\"https:\/\/geoc.es\/wp-content\/uploads\/2015\/03\/home01.jpg\" data-srcset=\"https:\/\/geoc.es\/wp-content\/uploads\/2015\/03\/home01.jpg 250w, https:\/\/geoc.es\/wp-content\/uploads\/2015\/03\/home01-150x150.jpg 150w\" data-sizes=\"(max-width: 250px) 100vw, 250px\" srcset=\"https:\/\/geoc.es\/wp-content\/uploads\/2015\/03\/home01.jpg 250w, https:\/\/geoc.es\/wp-content\/uploads\/2015\/03\/home01-150x150.jpg 150w\" sizes=\"(max-width: 250px) 100vw, 250px\" \/>\t\t\t\t\t\t\t\t\t\t\t\t\t\t\t<\/div>\n\t\t\t\t<\/div>\n\t\t\t\t<div class=\"elementor-element elementor-element-f7ba1e3 elementor-widget elementor-widget-text-editor\" data-id=\"f7ba1e3\" data-element_type=\"widget\" data-widget_type=\"text-editor.default\">\n\t\t\t\t<div class=\"elementor-widget-container\">\n\t\t\t\t\t\t\t\t\t<p style=\"text-align: center;\"><a href=\"https:\/\/geoc.es\/lineas-de-negocio\/juntas-para-puentes\/\">Juntes per a Ponts<\/a><\/p>\n\t\t\t\t\t\t\t\t<\/div>\n\t\t\t\t<\/div>\n\t\t\t\t<\/div>\n\t\t<div class=\"elementor-element elementor-element-5b58eed e-con-full e-flex e-con e-child\" data-id=\"5b58eed\" data-element_type=\"container\">\n\t\t\t\t<div class=\"elementor-element elementor-element-ac48680 elementor-widget elementor-widget-image\" data-id=\"ac48680\" data-element_type=\"widget\" data-widget_type=\"image.default\">\n\t\t\t\t<div class=\"elementor-widget-container\">\n\t\t\t\t\t\t\t\t\t\t\t\t\t\t\t<img decoding=\"async\" width=\"250\" height=\"250\" src=\"https:\/\/geoc.es\/wp-content\/uploads\/2015\/03\/home02.jpg\" class=\"attachment-large size-large wp-image-867 lazyload js-lazy-image\" alt=\"\" data-src=\"https:\/\/geoc.es\/wp-content\/uploads\/2015\/03\/home02.jpg\" data-srcset=\"https:\/\/geoc.es\/wp-content\/uploads\/2015\/03\/home02.jpg 250w, https:\/\/geoc.es\/wp-content\/uploads\/2015\/03\/home02-150x150.jpg 150w\" data-sizes=\"(max-width: 250px) 100vw, 250px\" srcset=\"https:\/\/geoc.es\/wp-content\/uploads\/2015\/03\/home02.jpg 250w, https:\/\/geoc.es\/wp-content\/uploads\/2015\/03\/home02-150x150.jpg 150w\" sizes=\"(max-width: 250px) 100vw, 250px\" \/>\t\t\t\t\t\t\t\t\t\t\t\t\t\t\t<\/div>\n\t\t\t\t<\/div>\n\t\t\t\t<div class=\"elementor-element elementor-element-2f0337b elementor-widget elementor-widget-text-editor\" data-id=\"2f0337b\" data-element_type=\"widget\" data-widget_type=\"text-editor.default\">\n\t\t\t\t<div class=\"elementor-widget-container\">\n\t\t\t\t\t\t\t\t\t<p style=\"text-align: center;\"><a href=\"https:\/\/geoc.es\/lineas-de-negocio\/sellado-de-fisuras-de-juntas-y-de-pavimentos\/\">Segellat de Fissures, de Juntes i de Paviments<\/a><\/p>\n\t\t\t\t\t\t\t\t<\/div>\n\t\t\t\t<\/div>\n\t\t\t\t<\/div>\n\t\t<div class=\"elementor-element elementor-element-35ffbb6 e-con-full e-flex e-con e-child\" data-id=\"35ffbb6\" data-element_type=\"container\">\n\t\t\t\t<div class=\"elementor-element elementor-element-685572e elementor-widget elementor-widget-image\" data-id=\"685572e\" data-element_type=\"widget\" data-widget_type=\"image.default\">\n\t\t\t\t<div class=\"elementor-widget-container\">\n\t\t\t\t\t\t\t\t\t\t\t\t\t\t\t<img decoding=\"async\" width=\"250\" height=\"250\" src=\"https:\/\/geoc.es\/wp-content\/uploads\/2015\/03\/home03.jpg\" class=\"attachment-large size-large wp-image-868 lazyload js-lazy-image\" alt=\"\" data-src=\"https:\/\/geoc.es\/wp-content\/uploads\/2015\/03\/home03.jpg\" data-srcset=\"https:\/\/geoc.es\/wp-content\/uploads\/2015\/03\/home03.jpg 250w, https:\/\/geoc.es\/wp-content\/uploads\/2015\/03\/home03-150x150.jpg 150w\" data-sizes=\"(max-width: 250px) 100vw, 250px\" srcset=\"https:\/\/geoc.es\/wp-content\/uploads\/2015\/03\/home03.jpg 250w, https:\/\/geoc.es\/wp-content\/uploads\/2015\/03\/home03-150x150.jpg 150w\" sizes=\"(max-width: 250px) 100vw, 250px\" \/>\t\t\t\t\t\t\t\t\t\t\t\t\t\t\t<\/div>\n\t\t\t\t<\/div>\n\t\t\t\t<div class=\"elementor-element elementor-element-2760cef elementor-widget elementor-widget-text-editor\" data-id=\"2760cef\" data-element_type=\"widget\" data-widget_type=\"text-editor.default\">\n\t\t\t\t<div class=\"elementor-widget-container\">\n\t\t\t\t\t\t\t\t\t<p style=\"text-align: center;\"><a href=\"https:\/\/geoc.es\/lineas-de-negocio\/impermeabilizacion\/\">Impermeabilitzaci\u00f3 de Ponts, Estructures, Dip\u00f2sits, Piscines, Basses, Canals, Cobertes<\/a><\/p>\n\t\t\t\t\t\t\t\t<\/div>\n\t\t\t\t<\/div>\n\t\t\t\t<\/div>\n\t\t<div class=\"elementor-element elementor-element-6738385 e-con-full e-flex e-con e-child\" data-id=\"6738385\" data-element_type=\"container\">\n\t\t\t\t<div class=\"elementor-element elementor-element-b886bff elementor-widget elementor-widget-image\" data-id=\"b886bff\" data-element_type=\"widget\" data-widget_type=\"image.default\">\n\t\t\t\t<div class=\"elementor-widget-container\">\n\t\t\t\t\t\t\t\t\t\t\t\t\t\t\t<img loading=\"lazy\" decoding=\"async\" width=\"250\" height=\"250\" src=\"https:\/\/geoc.es\/wp-content\/uploads\/2015\/03\/home11.jpg\" class=\"attachment-large size-large wp-image-869 lazyload js-lazy-image\" alt=\"\" data-src=\"https:\/\/geoc.es\/wp-content\/uploads\/2015\/03\/home11.jpg\" data-srcset=\"https:\/\/geoc.es\/wp-content\/uploads\/2015\/03\/home11.jpg 250w, https:\/\/geoc.es\/wp-content\/uploads\/2015\/03\/home11-150x150.jpg 150w\" data-sizes=\"(max-width: 250px) 100vw, 250px\" srcset=\"https:\/\/geoc.es\/wp-content\/uploads\/2015\/03\/home11.jpg 250w, https:\/\/geoc.es\/wp-content\/uploads\/2015\/03\/home11-150x150.jpg 150w\" sizes=\"(max-width: 250px) 100vw, 250px\" \/>\t\t\t\t\t\t\t\t\t\t\t\t\t\t\t<\/div>\n\t\t\t\t<\/div>\n\t\t\t\t<div class=\"elementor-element elementor-element-2943dc8 elementor-widget elementor-widget-text-editor\" data-id=\"2943dc8\" data-element_type=\"widget\" data-widget_type=\"text-editor.default\">\n\t\t\t\t<div class=\"elementor-widget-container\">\n\t\t\t\t\t\t\t\t\t<p style=\"text-align: center;\"><a href=\"https:\/\/geoc.es\/lineas-de-negocio\/rehabilitacion-y-reparacion-de-puentes-y-estructuras\/\">Rehabilitaci\u00f3 i Reparaci\u00f3 de Ponts i Estructures<\/a><\/p>\n\t\t\t\t\t\t\t\t<\/div>\n\t\t\t\t<\/div>\n\t\t\t\t<\/div>\n\t\t<div class=\"elementor-element elementor-element-07108df e-con-full e-flex e-con e-child\" data-id=\"07108df\" data-element_type=\"container\">\n\t\t\t\t<div class=\"elementor-element elementor-element-a0adb91 elementor-widget elementor-widget-image\" data-id=\"a0adb91\" data-element_type=\"widget\" data-widget_type=\"image.default\">\n\t\t\t\t<div class=\"elementor-widget-container\">\n\t\t\t\t\t\t\t\t\t\t\t\t\t\t\t<img loading=\"lazy\" decoding=\"async\" width=\"250\" height=\"250\" src=\"https:\/\/geoc.es\/wp-content\/uploads\/2015\/03\/home12.jpg\" class=\"attachment-large size-large wp-image-870 lazyload js-lazy-image\" alt=\"\" data-src=\"https:\/\/geoc.es\/wp-content\/uploads\/2015\/03\/home12.jpg\" data-srcset=\"https:\/\/geoc.es\/wp-content\/uploads\/2015\/03\/home12.jpg 250w, https:\/\/geoc.es\/wp-content\/uploads\/2015\/03\/home12-150x150.jpg 150w\" data-sizes=\"(max-width: 250px) 100vw, 250px\" srcset=\"https:\/\/geoc.es\/wp-content\/uploads\/2015\/03\/home12.jpg 250w, https:\/\/geoc.es\/wp-content\/uploads\/2015\/03\/home12-150x150.jpg 150w\" sizes=\"(max-width: 250px) 100vw, 250px\" \/>\t\t\t\t\t\t\t\t\t\t\t\t\t\t\t<\/div>\n\t\t\t\t<\/div>\n\t\t\t\t<div class=\"elementor-element elementor-element-d9d454f elementor-widget elementor-widget-text-editor\" data-id=\"d9d454f\" data-element_type=\"widget\" data-widget_type=\"text-editor.default\">\n\t\t\t\t<div class=\"elementor-widget-container\">\n\t\t\t\t\t\t\t\t\t<p style=\"text-align: center;\"><a href=\"https:\/\/geoc.es\/lineas-de-negocio\/sustitucion-de-apoyos\/\">Substituci\u00f3 de Suports<\/a><\/p>\n\t\t\t\t\t\t\t\t<\/div>\n\t\t\t\t<\/div>\n\t\t\t\t<\/div>\n\t\t<div class=\"elementor-element elementor-element-a6614db e-con-full e-flex e-con e-child\" data-id=\"a6614db\" data-element_type=\"container\">\n\t\t\t\t<div class=\"elementor-element elementor-element-5b30cc4 elementor-widget elementor-widget-image\" data-id=\"5b30cc4\" data-element_type=\"widget\" data-widget_type=\"image.default\">\n\t\t\t\t<div class=\"elementor-widget-container\">\n\t\t\t\t\t\t\t\t\t\t\t\t\t\t\t<img loading=\"lazy\" decoding=\"async\" width=\"250\" height=\"250\" src=\"https:\/\/geoc.es\/wp-content\/uploads\/2015\/03\/home13.jpg\" class=\"attachment-large size-large wp-image-871 lazyload js-lazy-image\" alt=\"\" data-src=\"https:\/\/geoc.es\/wp-content\/uploads\/2015\/03\/home13.jpg\" data-srcset=\"https:\/\/geoc.es\/wp-content\/uploads\/2015\/03\/home13.jpg 250w, https:\/\/geoc.es\/wp-content\/uploads\/2015\/03\/home13-150x150.jpg 150w\" data-sizes=\"(max-width: 250px) 100vw, 250px\" srcset=\"https:\/\/geoc.es\/wp-content\/uploads\/2015\/03\/home13.jpg 250w, https:\/\/geoc.es\/wp-content\/uploads\/2015\/03\/home13-150x150.jpg 150w\" sizes=\"(max-width: 250px) 100vw, 250px\" \/>\t\t\t\t\t\t\t\t\t\t\t\t\t\t\t<\/div>\n\t\t\t\t<\/div>\n\t\t\t\t<div class=\"elementor-element elementor-element-aadac2a elementor-widget elementor-widget-text-editor\" data-id=\"aadac2a\" data-element_type=\"widget\" data-widget_type=\"text-editor.default\">\n\t\t\t\t<div class=\"elementor-widget-container\">\n\t\t\t\t\t\t\t\t\t<p style=\"text-align: center;\"><a href=\"https:\/\/geoc.es\/lineas-de-negocio\/inspeccion-de-estructuras-y-asesoramiento-tecnico\/\">Inspecci\u00f3 d&#8217;estructures i assessorament t\u00e8cnic<\/a><\/p>\n\t\t\t\t\t\t\t\t<\/div>\n\t\t\t\t<\/div>\n\t\t\t\t<\/div>\n\t\t\t\t\t<\/div>\n\t\t\t\t<\/div>\n\t\t\t\t\t<\/div>\n\t\t\t\t<\/div>\n\t\t\t\t<\/div>\n\t\t","protected":false},"excerpt":{"rendered":"<p>Estem especialitzats en camps molt concrets, on aportem un valor important als nostres clients, tant en l&#8217;assessorament com en l&#8217;execuci\u00f3 dels mateixos. No pretenem tenir una pres\u00e8ncia a tots els camps de l&#8217;Obra Civil sin\u00f3 \u00fanicament en aquells en qu\u00e8 realment la nostra aportaci\u00f3 d\u00f3na un valor real al treball executat ia l&#8217;obra en particular. [&hellip;]<\/p>\n","protected":false},"author":3,"featured_media":0,"parent":0,"menu_order":2,"comment_status":"closed","ping_status":"closed","template":"","meta":{"footnotes":""},"class_list":["post-988","page","type-page","status-publish","hentry"],"_links":{"self":[{"href":"https:\/\/geoc.es\/ca\/wp-json\/wp\/v2\/pages\/988","targetHints":{"allow":["GET"]}}],"collection":[{"href":"https:\/\/geoc.es\/ca\/wp-json\/wp\/v2\/pages"}],"about":[{"href":"https:\/\/geoc.es\/ca\/wp-json\/wp\/v2\/types\/page"}],"author":[{"embeddable":true,"href":"https:\/\/geoc.es\/ca\/wp-json\/wp\/v2\/users\/3"}],"replies":[{"embeddable":true,"href":"https:\/\/geoc.es\/ca\/wp-json\/wp\/v2\/comments?post=988"}],"version-history":[{"count":6,"href":"https:\/\/geoc.es\/ca\/wp-json\/wp\/v2\/pages\/988\/revisions"}],"predecessor-version":[{"id":1003,"href":"https:\/\/geoc.es\/ca\/wp-json\/wp\/v2\/pages\/988\/revisions\/1003"}],"wp:attachment":[{"href":"https:\/\/geoc.es\/ca\/wp-json\/wp\/v2\/media?parent=988"}],"curies":[{"name":"wp","href":"https:\/\/api.w.org\/{rel}","templated":true}]}}