{"id":989,"date":"2015-04-10T20:20:48","date_gmt":"2015-04-10T19:20:48","guid":{"rendered":"https:\/\/geoc.es\/impermeabilizacion-de-cubiertas\/"},"modified":"2024-05-15T10:25:55","modified_gmt":"2024-05-15T09:25:55","slug":"impermeabilizacio-de-cobertes","status":"publish","type":"page","link":"https:\/\/geoc.es\/ca\/lineas-de-negocio\/impermeabilizacion\/impermeabilizacio-de-cobertes\/","title":{"rendered":"Impermeabilitzaci\u00f3 de Cobertes"},"content":{"rendered":"\t\t<div data-elementor-type=\"wp-page\" data-elementor-id=\"989\" class=\"elementor elementor-989 elementor-317\">\n\t\t\t\t<div class=\"elementor-element elementor-element-da16bcb e-flex e-con-boxed e-con e-parent\" data-id=\"da16bcb\" data-element_type=\"container\">\n\t\t\t\t\t<div class=\"e-con-inner\">\n\t\t<div class=\"elementor-element elementor-element-c4295ad e-con-full e-flex e-con e-child\" data-id=\"c4295ad\" data-element_type=\"container\">\n\t\t\t\t<div class=\"elementor-element elementor-element-cfa2743 elementor-widget elementor-widget-text-editor\" data-id=\"cfa2743\" data-element_type=\"widget\" data-widget_type=\"text-editor.default\">\n\t\t\t\t<div class=\"elementor-widget-container\">\n\t\t\t\t\t\t\t\t\t<p style=\"font-style: normal; font-variant-ligatures: normal; font-variant-caps: normal; letter-spacing: 0.15px; word-spacing: 0.15px;\" align=\"justify\">Tenim m\u00e9s de 15 anys d&#8217;experi\u00e8ncia fent treballs en diferents \u00e0mbits, ja sigui obra p\u00fablica, com a la construcci\u00f3 oa particulars. Garantim una perfecta execuci\u00f3 dels vostres projectes. Disposem de personal propi experimentat i format, i mitjans propis per executar totes les feines amb total autosufici\u00e8ncia.<\/p>\t\t\t\t\t\t\t\t<\/div>\n\t\t\t\t<\/div>\n\t\t\t\t<\/div>\n\t\t<div class=\"elementor-element elementor-element-61ca0cf e-con-full e-flex e-con e-child\" data-id=\"61ca0cf\" data-element_type=\"container\">\n\t\t\t\t<div class=\"elementor-element elementor-element-8a558a0 elementor-widget elementor-widget-text-editor\" data-id=\"8a558a0\" data-element_type=\"widget\" data-widget_type=\"text-editor.default\">\n\t\t\t\t<div class=\"elementor-widget-container\">\n\t\t\t\t\t\t\t\t\t<h2>CAMPS D&#8217;ACTUACI\u00d3:<\/h2><p>\u2022 Impermeabilitzacions dedificis.<br \/>\u2022 A\u00efllaments t\u00e8rmics i ac\u00fastics,<br \/>\u2022 Ciments especials,<br \/>\u2022 Resines epoxis i Revestiments<\/p>\t\t\t\t\t\t\t\t<\/div>\n\t\t\t\t<\/div>\n\t\t\t\t<\/div>\n\t\t<div class=\"elementor-element elementor-element-dcef7ef e-con-full e-flex e-con e-child\" data-id=\"dcef7ef\" data-element_type=\"container\">\n\t\t\t\t<div class=\"elementor-element elementor-element-7cb0fcd elementor-widget__width-initial elementor-widget elementor-widget-image\" data-id=\"7cb0fcd\" data-element_type=\"widget\" data-widget_type=\"image.default\">\n\t\t\t\t<div class=\"elementor-widget-container\">\n\t\t\t\t\t\t\t\t\t\t\t\t\t\t\t<img fetchpriority=\"high\" decoding=\"async\" width=\"473\" height=\"315\" src=\"https:\/\/geoc.es\/wp-content\/uploads\/2015\/04\/imper1.jpg\" class=\"attachment-large size-large wp-image-905 lazyload js-lazy-image\" alt=\"\" data-src=\"https:\/\/geoc.es\/wp-content\/uploads\/2015\/04\/imper1.jpg\" data-srcset=\"https:\/\/geoc.es\/wp-content\/uploads\/2015\/04\/imper1.jpg 473w, https:\/\/geoc.es\/wp-content\/uploads\/2015\/04\/imper1-300x200.jpg 300w\" data-sizes=\"(max-width: 473px) 100vw, 473px\" srcset=\"https:\/\/geoc.es\/wp-content\/uploads\/2015\/04\/imper1.jpg 473w, https:\/\/geoc.es\/wp-content\/uploads\/2015\/04\/imper1-300x200.jpg 300w\" sizes=\"(max-width: 473px) 100vw, 473px\" \/>\t\t\t\t\t\t\t\t\t\t\t\t\t\t\t<\/div>\n\t\t\t\t<\/div>\n\t\t\t\t<\/div>\n\t\t<div class=\"elementor-element elementor-element-cf7cf6e e-con-full e-flex e-con e-child\" data-id=\"cf7cf6e\" data-element_type=\"container\">\n\t\t\t\t<div class=\"elementor-element elementor-element-96c2a4b elementor-widget elementor-widget-image\" data-id=\"96c2a4b\" data-element_type=\"widget\" data-widget_type=\"image.default\">\n\t\t\t\t<div class=\"elementor-widget-container\">\n\t\t\t\t\t\t\t\t\t\t\t\t\t\t\t<img decoding=\"async\" width=\"619\" height=\"311\" src=\"https:\/\/geoc.es\/wp-content\/uploads\/2015\/04\/imper2.jpg\" class=\"attachment-large size-large wp-image-906 lazyload js-lazy-image\" alt=\"\" data-src=\"https:\/\/geoc.es\/wp-content\/uploads\/2015\/04\/imper2.jpg\" data-srcset=\"https:\/\/geoc.es\/wp-content\/uploads\/2015\/04\/imper2.jpg 619w, https:\/\/geoc.es\/wp-content\/uploads\/2015\/04\/imper2-300x151.jpg 300w\" data-sizes=\"(max-width: 619px) 100vw, 619px\" srcset=\"https:\/\/geoc.es\/wp-content\/uploads\/2015\/04\/imper2.jpg 619w, https:\/\/geoc.es\/wp-content\/uploads\/2015\/04\/imper2-300x151.jpg 300w\" sizes=\"(max-width: 619px) 100vw, 619px\" \/>\t\t\t\t\t\t\t\t\t\t\t\t\t\t\t<\/div>\n\t\t\t\t<\/div>\n\t\t\t\t<\/div>\n\t\t\t\t\t<\/div>\n\t\t\t\t<\/div>\n\t\t\t\t<\/div>\n\t\t","protected":false},"excerpt":{"rendered":"<p>Tenim m\u00e9s de 15 anys d&#8217;experi\u00e8ncia fent treballs en diferents \u00e0mbits, ja sigui obra p\u00fablica, com a la construcci\u00f3 oa particulars. Garantim una perfecta execuci\u00f3 dels vostres projectes. Disposem de personal propi experimentat i format, i mitjans propis per executar totes les feines amb total autosufici\u00e8ncia. CAMPS D&#8217;ACTUACI\u00d3: \u2022 Impermeabilitzacions dedificis.\u2022 A\u00efllaments t\u00e8rmics i ac\u00fastics,\u2022 [&hellip;]<\/p>\n","protected":false},"author":3,"featured_media":0,"parent":1054,"menu_order":1,"comment_status":"closed","ping_status":"closed","template":"","meta":{"footnotes":""},"class_list":["post-989","page","type-page","status-publish","hentry"],"_links":{"self":[{"href":"https:\/\/geoc.es\/ca\/wp-json\/wp\/v2\/pages\/989","targetHints":{"allow":["GET"]}}],"collection":[{"href":"https:\/\/geoc.es\/ca\/wp-json\/wp\/v2\/pages"}],"about":[{"href":"https:\/\/geoc.es\/ca\/wp-json\/wp\/v2\/types\/page"}],"author":[{"embeddable":true,"href":"https:\/\/geoc.es\/ca\/wp-json\/wp\/v2\/users\/3"}],"replies":[{"embeddable":true,"href":"https:\/\/geoc.es\/ca\/wp-json\/wp\/v2\/comments?post=989"}],"version-history":[{"count":4,"href":"https:\/\/geoc.es\/ca\/wp-json\/wp\/v2\/pages\/989\/revisions"}],"predecessor-version":[{"id":1045,"href":"https:\/\/geoc.es\/ca\/wp-json\/wp\/v2\/pages\/989\/revisions\/1045"}],"up":[{"embeddable":true,"href":"https:\/\/geoc.es\/ca\/wp-json\/wp\/v2\/pages\/1054"}],"wp:attachment":[{"href":"https:\/\/geoc.es\/ca\/wp-json\/wp\/v2\/media?parent=989"}],"curies":[{"name":"wp","href":"https:\/\/api.w.org\/{rel}","templated":true}]}}